{"id":12,"date":"2022-07-08T19:57:54","date_gmt":"2022-07-08T19:57:54","guid":{"rendered":"http:\/\/subkontra.org\/?page_id=12"},"modified":"2022-07-08T21:24:48","modified_gmt":"2022-07-08T21:24:48","slug":"home","status":"publish","type":"page","link":"https:\/\/subkontra.org\/en\/","title":{"rendered":""},"content":{"rendered":"<div class=\"wp-block-query is-layout-flow wp-block-query-is-layout-flow\"><ul class=\"wp-block-post-template is-layout-flow wp-block-post-template-is-layout-flow\"><li class=\"wp-block-post post-1035 post type-post status-publish format-standard hentry category-news\">\n<h2 class=\"wp-block-post-title\"><a href=\"https:\/\/subkontra.org\/en\/news\/kein-subkontra-festival-2024\/\" target=\"_self\" >Kein Subkontra Festival 2024?!<\/a><\/h2>\n\n\n\n<div class=\"entry-content wp-block-post-content is-layout-flow wp-block-post-content-is-layout-flow\">\n<p>Dear friends and supporters!<\/p>\n\n\n\n<p>Thank you for your support over the last years and the wonderful memories we've been able to make together. We weren't sure how to tell you this, but we want to provide some clarity at the start of this years festival season.&nbsp;<\/p>\n\n\n\n<p>We are currently in a phase of restructuring in the organisation crew. We want to dedicate ourselves to this change and take the necessary time to reorganize ourselves. Changes always take time and energy and especially if we want to maintain the vibe of the festival. This also means that we don't have the capacity to organize the Subkontra Festival as we all know it this year.&nbsp;&nbsp;<\/p>\n\n\n\n<p>Nevertheless, we don't want to say that we won't see each other this year in one way or another to enjoy bass music together. What exactly will that look like? We'll keep you posted on that, of course!&nbsp;<\/p>\n\n\n\n<p>Despite this disappointing news, we hope to see you on 6 April at Fallout from 10 pm and thank you for your patience this year!&nbsp;<\/p>\n\n\n\n<p>Sincerely, your Subkontra crew!<\/p>\n<\/div>\n\n\n<hr class=\"wp-block-separator has-css-opacity\"\/>\n\n\n<div class=\"wp-block-post-date\"><time datetime=\"2024-04-02T16:05:25+00:00\">02\/04\/2024<\/time><\/div>\n<\/li><li class=\"wp-block-post post-1024 post type-post status-publish format-standard hentry category-news\">\n<h2 class=\"wp-block-post-title\"><a href=\"https:\/\/subkontra.org\/en\/news\/split-subkontra-festival-2023\/\" target=\"_self\" >Split @ Subkontra Festival 2023<\/a><\/h2>\n\n\n\n<div class=\"entry-content wp-block-post-content is-layout-flow wp-block-post-content-is-layout-flow\">\n<p>For this years festival we had the pleasure of welcoming <a href=\"https:\/\/soundcloud.com\/splitdubstep\">Split<\/a>, producer, dj and long-time part of the german dubstep scene.<br><br>Today we share with you the recording of the mix he played at Subkontra. It\u2019s filled with lots of old and new original dubs as well as classics from other artists and takes us back to the early evening hours on the Waldfloor powered by Basstrace and in front of the mighty Modulith sound system.<br><br>About his time in Oberp\u00f6bel Split says:<br>&#8222;Der Sound war sehr beeindruckend. Dr\u00f6hnende B\u00e4sse, kristallklare H\u00f6hen. Einfach genial! Die Leute waren sehr freundlich und entspannt. Ein sehr gelungenes Bass-Festival. Love it and want to be back again!!&#8220;<br><br>Thanks for the kind words and the amazing mix!<\/p>\n\n\n\n<figure class=\"wp-block-embed is-type-rich is-provider-soundcloud wp-block-embed-soundcloud\"><div class=\"wp-block-embed__wrapper\">\n<iframe loading=\"lazy\" title=\"Split @ Subkontra Festival 2023 by Subkontra Festival\" width=\"1082\" height=\"400\" scrolling=\"no\" frameborder=\"no\" src=\"https:\/\/w.soundcloud.com\/player\/?visual=true&#038;url=https%3A%2F%2Fapi.soundcloud.com%2Ftracks%2F1689418320&#038;show_artwork=true&#038;maxheight=1000&#038;maxwidth=1082\"><\/iframe>\n<\/div><\/figure>\n\n\n\n<p><\/p>\n<\/div>\n\n\n<hr class=\"wp-block-separator has-css-opacity\"\/>\n\n\n<div class=\"wp-block-post-date\"><time datetime=\"2023-12-28T18:38:26+00:00\">28\/12\/2023<\/time><\/div>\n<\/li><li class=\"wp-block-post post-1019 post type-post status-publish format-standard hentry category-news\">\n<h2 class=\"wp-block-post-title\"><a href=\"https:\/\/subkontra.org\/en\/news\/save-the-date\/\" target=\"_self\" >Save the date<\/a><\/h2>\n\n\n\n<div class=\"entry-content wp-block-post-content is-layout-flow wp-block-post-content-is-layout-flow\">\n<p>Before the year comes to an end, we are happy to announce that we'll be vibing in Oberp\u00f6bel again from 19.7. to 21.7. So save the date to join us! <br><br>The Subkontra crew wishes you to find time with your loved ones and recover from the hustle and bustle.<br><br>Take care and see you in 2024!<\/p>\n\n\n\n<figure class=\"wp-block-image size-large\"><img decoding=\"async\" loading=\"lazy\" width=\"1024\" height=\"1024\" src=\"https:\/\/subkontra.org\/wp-content\/uploads\/2023\/12\/Profilbild_1080-1080px_24-1024x1024.jpg\" alt=\"\" class=\"wp-image-1021\" srcset=\"https:\/\/subkontra.org\/wp-content\/uploads\/2023\/12\/Profilbild_1080-1080px_24-1024x1024.jpg 1024w, https:\/\/subkontra.org\/wp-content\/uploads\/2023\/12\/Profilbild_1080-1080px_24-300x300.jpg 300w, https:\/\/subkontra.org\/wp-content\/uploads\/2023\/12\/Profilbild_1080-1080px_24-150x150.jpg 150w, https:\/\/subkontra.org\/wp-content\/uploads\/2023\/12\/Profilbild_1080-1080px_24-768x768.jpg 768w, https:\/\/subkontra.org\/wp-content\/uploads\/2023\/12\/Profilbild_1080-1080px_24-12x12.jpg 12w, https:\/\/subkontra.org\/wp-content\/uploads\/2023\/12\/Profilbild_1080-1080px_24.jpg 1080w\" sizes=\"(max-width: 1024px) 100vw, 1024px\" \/><\/figure>\n\n\n\n<p><\/p>\n<\/div>\n\n\n<hr class=\"wp-block-separator has-css-opacity\"\/>\n\n\n<div class=\"wp-block-post-date\"><time datetime=\"2023-12-28T18:28:11+00:00\">28\/12\/2023<\/time><\/div>\n<\/li><\/ul><\/div>","protected":false},"excerpt":{"rendered":"","protected":false},"author":1,"featured_media":0,"parent":0,"menu_order":0,"comment_status":"closed","ping_status":"closed","template":"","meta":{"pgc_sgb_lightbox_settings":"","_price":"","_stock":"","_tribe_ticket_header":"","_tribe_default_ticket_provider":"","_tribe_ticket_capacity":"0","_ticket_start_date":"","_ticket_end_date":"","_tribe_ticket_show_description":"","_tribe_ticket_show_not_going":false,"_tribe_ticket_use_global_stock":"","_tribe_ticket_global_stock_level":"","_global_stock_mode":"","_global_stock_cap":"","_tribe_rsvp_for_event":"","_tribe_ticket_going_count":"","_tribe_ticket_not_going_count":"","_tribe_tickets_list":"[]","_tribe_ticket_has_attendee_info_fields":false,"footnotes":"","_tec_slr_enabled":"","_tec_slr_layout":""},"yoast_head":"<!-- This site is optimized with the Yoast SEO plugin v22.6 - https:\/\/yoast.com\/wordpress\/plugins\/seo\/ -->\n<title>- Subkontra<\/title>\n<meta name=\"robots\" content=\"index, follow, max-snippet:-1, max-image-preview:large, max-video-preview:-1\" \/>\n<link rel=\"canonical\" href=\"http:\/\/subkontra.org\/en\/\" \/>\n<meta property=\"og:locale\" content=\"en_GB\" \/>\n<meta property=\"og:type\" content=\"article\" \/>\n<meta property=\"og:title\" content=\"- Subkontra\" \/>\n<meta property=\"og:url\" content=\"http:\/\/subkontra.org\/en\/\" \/>\n<meta property=\"og:site_name\" content=\"Subkontra\" \/>\n<meta property=\"article:modified_time\" content=\"2022-07-08T21:24:48+00:00\" \/>\n<meta name=\"twitter:card\" content=\"summary_large_image\" \/>\n<script type=\"application\/ld+json\" class=\"yoast-schema-graph\">{\"@context\":\"https:\/\/schema.org\",\"@graph\":[{\"@type\":\"WebPage\",\"@id\":\"http:\/\/subkontra.org\/de\/\",\"url\":\"http:\/\/subkontra.org\/de\/\",\"name\":\"- Subkontra\",\"isPartOf\":{\"@id\":\"http:\/\/subkontra.org\/de\/#website\"},\"datePublished\":\"2022-07-08T19:57:54+00:00\",\"dateModified\":\"2022-07-08T21:24:48+00:00\",\"inLanguage\":\"en-GB\",\"potentialAction\":[{\"@type\":\"ReadAction\",\"target\":[\"http:\/\/subkontra.org\/de\/\"]}]},{\"@type\":\"WebSite\",\"@id\":\"http:\/\/subkontra.org\/de\/#website\",\"url\":\"http:\/\/subkontra.org\/de\/\",\"name\":\"Subkontra | Bass Festival\",\"description\":\"Bass Music Festival, celebrating Soundsystem Culture and deep frequencies\",\"publisher\":{\"@id\":\"http:\/\/subkontra.org\/de\/#organization\"},\"potentialAction\":[{\"@type\":\"SearchAction\",\"target\":{\"@type\":\"EntryPoint\",\"urlTemplate\":\"http:\/\/subkontra.org\/de\/?s={search_term_string}\"},\"query-input\":\"required name=search_term_string\"}],\"inLanguage\":\"en-GB\"},{\"@type\":\"Organization\",\"@id\":\"http:\/\/subkontra.org\/de\/#organization\",\"name\":\"Subkontra | Bass Festival\",\"alternateName\":\"A Music Festival near Dresden\",\"url\":\"http:\/\/subkontra.org\/de\/\",\"logo\":{\"@type\":\"ImageObject\",\"inLanguage\":\"en-GB\",\"@id\":\"http:\/\/subkontra.org\/de\/#\/schema\/logo\/image\/\",\"url\":\"https:\/\/subkontra.org\/wp-content\/uploads\/2023\/10\/cropped-Banner.png\",\"contentUrl\":\"https:\/\/subkontra.org\/wp-content\/uploads\/2023\/10\/cropped-Banner.png\",\"width\":1280,\"height\":626,\"caption\":\"Subkontra | Bass Festival\"},\"image\":{\"@id\":\"http:\/\/subkontra.org\/de\/#\/schema\/logo\/image\/\"}}]}<\/script>\n<!-- \/ Yoast SEO plugin. -->","yoast_head_json":{"title":"- Subkontra","robots":{"index":"index","follow":"follow","max-snippet":"max-snippet:-1","max-image-preview":"max-image-preview:large","max-video-preview":"max-video-preview:-1"},"canonical":"http:\/\/subkontra.org\/en\/","og_locale":"en_GB","og_type":"article","og_title":"- Subkontra","og_url":"http:\/\/subkontra.org\/en\/","og_site_name":"Subkontra","article_modified_time":"2022-07-08T21:24:48+00:00","twitter_card":"summary_large_image","schema":{"@context":"https:\/\/schema.org","@graph":[{"@type":"WebPage","@id":"http:\/\/subkontra.org\/de\/","url":"http:\/\/subkontra.org\/de\/","name":"- Subkontra","isPartOf":{"@id":"http:\/\/subkontra.org\/de\/#website"},"datePublished":"2022-07-08T19:57:54+00:00","dateModified":"2022-07-08T21:24:48+00:00","inLanguage":"en-GB","potentialAction":[{"@type":"ReadAction","target":["http:\/\/subkontra.org\/de\/"]}]},{"@type":"WebSite","@id":"http:\/\/subkontra.org\/de\/#website","url":"http:\/\/subkontra.org\/de\/","name":"Subkontra | Bass Festival","description":"Bass Music Festival, celebrating Soundsystem Culture and deep frequencies","publisher":{"@id":"http:\/\/subkontra.org\/de\/#organization"},"potentialAction":[{"@type":"SearchAction","target":{"@type":"EntryPoint","urlTemplate":"http:\/\/subkontra.org\/de\/?s={search_term_string}"},"query-input":"required name=search_term_string"}],"inLanguage":"en-GB"},{"@type":"Organization","@id":"http:\/\/subkontra.org\/de\/#organization","name":"Subkontra | Bass Festival","alternateName":"A Music Festival near Dresden","url":"http:\/\/subkontra.org\/de\/","logo":{"@type":"ImageObject","inLanguage":"en-GB","@id":"http:\/\/subkontra.org\/de\/#\/schema\/logo\/image\/","url":"https:\/\/subkontra.org\/wp-content\/uploads\/2023\/10\/cropped-Banner.png","contentUrl":"https:\/\/subkontra.org\/wp-content\/uploads\/2023\/10\/cropped-Banner.png","width":1280,"height":626,"caption":"Subkontra | Bass Festival"},"image":{"@id":"http:\/\/subkontra.org\/de\/#\/schema\/logo\/image\/"}}]}},"ticketed":false,"_links":{"self":[{"href":"https:\/\/subkontra.org\/en\/wp-json\/wp\/v2\/pages\/12"}],"collection":[{"href":"https:\/\/subkontra.org\/en\/wp-json\/wp\/v2\/pages"}],"about":[{"href":"https:\/\/subkontra.org\/en\/wp-json\/wp\/v2\/types\/page"}],"author":[{"embeddable":true,"href":"https:\/\/subkontra.org\/en\/wp-json\/wp\/v2\/users\/1"}],"replies":[{"embeddable":true,"href":"https:\/\/subkontra.org\/en\/wp-json\/wp\/v2\/comments?post=12"}],"version-history":[{"count":7,"href":"https:\/\/subkontra.org\/en\/wp-json\/wp\/v2\/pages\/12\/revisions"}],"predecessor-version":[{"id":168,"href":"https:\/\/subkontra.org\/en\/wp-json\/wp\/v2\/pages\/12\/revisions\/168"}],"wp:attachment":[{"href":"https:\/\/subkontra.org\/en\/wp-json\/wp\/v2\/media?parent=12"}],"curies":[{"name":"wp","href":"https:\/\/api.w.org\/{rel}","templated":true}]}}