{"id":29,"date":"2022-07-08T19:57:54","date_gmt":"2022-07-08T19:57:54","guid":{"rendered":"http:\/\/subkontra.org\/?page_id=29"},"modified":"2023-06-19T12:38:26","modified_gmt":"2023-06-19T12:38:26","slug":"hinweise","status":"publish","type":"page","link":"https:\/\/subkontra.org\/de\/hinweise\/","title":{"rendered":"Anreise &#038; Location"},"content":{"rendered":"\n<p style=\"font-size:21px;font-style:normal;font-weight:400\">Die Putzm\u00fchle ist ein ehemaliges Ausflugslokal und seit \u00fcber 20 Jahren regelm\u00e4\u00dfiger Austragungsort diverser Musikveranstaltungen.<br>Die Bewohner*innen stellen uns das Gel\u00e4nde f\u00fcr dieses Wochenende zur Verf\u00fcgung.<\/p>\n\n\n\n<p style=\"font-size:21px\">Damit der Location nicht zu viel zugemutet wird und alle entspannt miteinander feiern k\u00f6nnen, ist die Zahl der Tickets auf 300 limitiert.<\/p>\n\n\n\n<div style=\"height:29px\" aria-hidden=\"true\" class=\"wp-block-spacer\"><\/div>\n\n\n\n<p style=\"font-size:21px\"><strong>Camping<\/strong><\/p>\n\n\n\n<p style=\"font-size:21px\">Ihr k\u00f6nnt auf den daf\u00fcr ausgeschriebenen Fl\u00e4chen kostenlos bei uns campen. <\/p>\n\n\n\n<p style=\"font-size:21px\">Die angrenzende Wiese wird nach der Veranstaltung zur Tierfutter &#8211; Herstellung gem\u00e4ht.<br>Bitte zeltet oder parkt nicht hinter den Absperrungen und hinterlasst keinen M\u00fcll!<\/p>\n\n\n\n<p style=\"font-size:21px\"><strong>Anreise<\/strong><\/p>\n\n\n\n<p style=\"font-size:21px\">Unsere Parkplatz &#8211; Kapazit\u00e4ten sind begrenzt. Wenn m\u00f6glich, bildet Fahrgemeinschaften oder reist mit dem Bus an.<br>Bus: Linie 360 von Dresden Hauptbahnhof bis B\u00e4renfels Waldheimat, von dort 15 Minuten zu Fu\u00df<\/p>\n\n\n\n<p style=\"font-size:21px\"><strong>Adresse<\/strong><\/p>\n\n\n\n<p style=\"font-size:21px\">Putzm\u00fchle<br>Oberp\u00f6bel 8<br>01744 Dippoldiswalde<\/p>\n\n\n\n<div style=\"height:32px\" aria-hidden=\"true\" class=\"wp-block-spacer\"><\/div>\n\n\n\n<p class=\"has-text-align-center\"><iframe src=\"https:\/\/www.google.com\/maps\/embed?pb=!1m18!1m12!1m3!1d2522.8087926963963!2d13.670446315743282!3d50.779117979522034!2m3!1f0!2f0!3f0!3m2!1i1024!2i768!4f13.1!3m3!1m2!1s0x4709ec6eb508de4f%3A0x4edf6dab530191a5!2sGasthaus%20Putzm%C3%BChle!5e0!3m2!1sde!2sde!4v1657471175261!5m2!1sde!2sde\" style=\"border:0;\" allowfullscreen=\"\" loading=\"lazy\" referrerpolicy=\"no-referrer-when-downgrade\" width=\"1000\" height=\"500\"><\/iframe><\/p>\n\n\n\n<div style=\"height:32px\" aria-hidden=\"true\" class=\"wp-block-spacer\"><\/div>\n","protected":false},"excerpt":{"rendered":"<p>Die Putzm\u00fchle ist ein ehemaliges Ausflugslokal und seit \u00fcber 20 Jahren regelm\u00e4\u00dfiger Austragungsort diverser Musikveranstaltungen.Die Bewohner*innen stellen uns das Gel\u00e4nde f\u00fcr dieses Wochenende zur Verf\u00fcgung. Damit der Location nicht zu viel zugemutet wird und alle entspannt miteinander feiern k\u00f6nnen, ist die Zahl der Tickets auf 300 limitiert. Camping Ihr k\u00f6nnt &hellip;<\/p>\n","protected":false},"author":1,"featured_media":0,"parent":0,"menu_order":0,"comment_status":"closed","ping_status":"closed","template":"","meta":{"pgc_sgb_lightbox_settings":"","_price":"","_stock":"","_tribe_ticket_header":"","_tribe_default_ticket_provider":"","_tribe_ticket_capacity":"0","_ticket_start_date":"","_ticket_end_date":"","_tribe_ticket_show_description":"","_tribe_ticket_show_not_going":false,"_tribe_ticket_use_global_stock":"","_tribe_ticket_global_stock_level":"","_global_stock_mode":"","_global_stock_cap":"","_tribe_rsvp_for_event":"","_tribe_ticket_going_count":"","_tribe_ticket_not_going_count":"","_tribe_tickets_list":"[]","_tribe_ticket_has_attendee_info_fields":false,"footnotes":"","_tec_slr_enabled":"","_tec_slr_layout":""},"yoast_head":"<!-- This site is optimized with the Yoast SEO plugin v22.6 - https:\/\/yoast.com\/wordpress\/plugins\/seo\/ -->\n<title>Anreise &amp; Location - Subkontra<\/title>\n<meta name=\"robots\" content=\"index, follow, max-snippet:-1, max-image-preview:large, max-video-preview:-1\" \/>\n<link rel=\"canonical\" href=\"http:\/\/subkontra.org\/de\/hinweise\/\" \/>\n<meta property=\"og:locale\" content=\"de_DE\" \/>\n<meta property=\"og:type\" content=\"article\" \/>\n<meta property=\"og:title\" content=\"Anreise &amp; Location - Subkontra\" \/>\n<meta property=\"og:description\" content=\"Die Putzm\u00fchle ist ein ehemaliges Ausflugslokal und seit \u00fcber 20 Jahren regelm\u00e4\u00dfiger Austragungsort diverser Musikveranstaltungen.Die Bewohner*innen stellen uns das Gel\u00e4nde f\u00fcr dieses Wochenende zur Verf\u00fcgung. Damit der Location nicht zu viel zugemutet wird und alle entspannt miteinander feiern k\u00f6nnen, ist die Zahl der Tickets auf 300 limitiert. Camping Ihr k\u00f6nnt &hellip;\" \/>\n<meta property=\"og:url\" content=\"http:\/\/subkontra.org\/de\/hinweise\/\" \/>\n<meta property=\"og:site_name\" content=\"Subkontra\" \/>\n<meta property=\"article:modified_time\" content=\"2023-06-19T12:38:26+00:00\" \/>\n<meta name=\"twitter:card\" content=\"summary_large_image\" \/>\n<meta name=\"twitter:label1\" content=\"Gesch\u00e4tzte Lesezeit\" \/>\n\t<meta name=\"twitter:data1\" content=\"1 Minute\" \/>\n<script type=\"application\/ld+json\" class=\"yoast-schema-graph\">{\"@context\":\"https:\/\/schema.org\",\"@graph\":[{\"@type\":\"WebPage\",\"@id\":\"http:\/\/subkontra.org\/de\/hinweise\/\",\"url\":\"http:\/\/subkontra.org\/de\/hinweise\/\",\"name\":\"Anreise & Location - Subkontra\",\"isPartOf\":{\"@id\":\"http:\/\/subkontra.org\/de\/#website\"},\"datePublished\":\"2022-07-08T19:57:54+00:00\",\"dateModified\":\"2023-06-19T12:38:26+00:00\",\"breadcrumb\":{\"@id\":\"http:\/\/subkontra.org\/de\/hinweise\/#breadcrumb\"},\"inLanguage\":\"de-DE\",\"potentialAction\":[{\"@type\":\"ReadAction\",\"target\":[\"http:\/\/subkontra.org\/de\/hinweise\/\"]}]},{\"@type\":\"BreadcrumbList\",\"@id\":\"http:\/\/subkontra.org\/de\/hinweise\/#breadcrumb\",\"itemListElement\":[{\"@type\":\"ListItem\",\"position\":1,\"name\":\"Startseite\",\"item\":\"http:\/\/subkontra.org\/de\/\"},{\"@type\":\"ListItem\",\"position\":2,\"name\":\"Anreise &#038; Location\"}]},{\"@type\":\"WebSite\",\"@id\":\"http:\/\/subkontra.org\/de\/#website\",\"url\":\"http:\/\/subkontra.org\/de\/\",\"name\":\"Subkontra | Bass Festival\",\"description\":\"Bass Music Festival, celebrating Soundsystem Culture and deep frequencies\",\"publisher\":{\"@id\":\"http:\/\/subkontra.org\/de\/#organization\"},\"potentialAction\":[{\"@type\":\"SearchAction\",\"target\":{\"@type\":\"EntryPoint\",\"urlTemplate\":\"http:\/\/subkontra.org\/de\/?s={search_term_string}\"},\"query-input\":\"required name=search_term_string\"}],\"inLanguage\":\"de-DE\"},{\"@type\":\"Organization\",\"@id\":\"http:\/\/subkontra.org\/de\/#organization\",\"name\":\"Subkontra | Bass Festival\",\"alternateName\":\"A Music Festival near Dresden\",\"url\":\"http:\/\/subkontra.org\/de\/\",\"logo\":{\"@type\":\"ImageObject\",\"inLanguage\":\"de-DE\",\"@id\":\"http:\/\/subkontra.org\/de\/#\/schema\/logo\/image\/\",\"url\":\"https:\/\/subkontra.org\/wp-content\/uploads\/2023\/10\/cropped-Banner.png\",\"contentUrl\":\"https:\/\/subkontra.org\/wp-content\/uploads\/2023\/10\/cropped-Banner.png\",\"width\":1280,\"height\":626,\"caption\":\"Subkontra | Bass Festival\"},\"image\":{\"@id\":\"http:\/\/subkontra.org\/de\/#\/schema\/logo\/image\/\"}}]}<\/script>\n<!-- \/ Yoast SEO plugin. -->","yoast_head_json":{"title":"Anreise & Location - Subkontra","robots":{"index":"index","follow":"follow","max-snippet":"max-snippet:-1","max-image-preview":"max-image-preview:large","max-video-preview":"max-video-preview:-1"},"canonical":"http:\/\/subkontra.org\/de\/hinweise\/","og_locale":"de_DE","og_type":"article","og_title":"Anreise & Location - Subkontra","og_description":"Die Putzm\u00fchle ist ein ehemaliges Ausflugslokal und seit \u00fcber 20 Jahren regelm\u00e4\u00dfiger Austragungsort diverser Musikveranstaltungen.Die Bewohner*innen stellen uns das Gel\u00e4nde f\u00fcr dieses Wochenende zur Verf\u00fcgung. Damit der Location nicht zu viel zugemutet wird und alle entspannt miteinander feiern k\u00f6nnen, ist die Zahl der Tickets auf 300 limitiert. Camping Ihr k\u00f6nnt &hellip;","og_url":"http:\/\/subkontra.org\/de\/hinweise\/","og_site_name":"Subkontra","article_modified_time":"2023-06-19T12:38:26+00:00","twitter_card":"summary_large_image","twitter_misc":{"Gesch\u00e4tzte Lesezeit":"1 Minute"},"schema":{"@context":"https:\/\/schema.org","@graph":[{"@type":"WebPage","@id":"http:\/\/subkontra.org\/de\/hinweise\/","url":"http:\/\/subkontra.org\/de\/hinweise\/","name":"Anreise & Location - Subkontra","isPartOf":{"@id":"http:\/\/subkontra.org\/de\/#website"},"datePublished":"2022-07-08T19:57:54+00:00","dateModified":"2023-06-19T12:38:26+00:00","breadcrumb":{"@id":"http:\/\/subkontra.org\/de\/hinweise\/#breadcrumb"},"inLanguage":"de-DE","potentialAction":[{"@type":"ReadAction","target":["http:\/\/subkontra.org\/de\/hinweise\/"]}]},{"@type":"BreadcrumbList","@id":"http:\/\/subkontra.org\/de\/hinweise\/#breadcrumb","itemListElement":[{"@type":"ListItem","position":1,"name":"Startseite","item":"http:\/\/subkontra.org\/de\/"},{"@type":"ListItem","position":2,"name":"Anreise &#038; Location"}]},{"@type":"WebSite","@id":"http:\/\/subkontra.org\/de\/#website","url":"http:\/\/subkontra.org\/de\/","name":"Subkontra | Bass Festival","description":"Bass Music Festival, celebrating Soundsystem Culture and deep frequencies","publisher":{"@id":"http:\/\/subkontra.org\/de\/#organization"},"potentialAction":[{"@type":"SearchAction","target":{"@type":"EntryPoint","urlTemplate":"http:\/\/subkontra.org\/de\/?s={search_term_string}"},"query-input":"required name=search_term_string"}],"inLanguage":"de-DE"},{"@type":"Organization","@id":"http:\/\/subkontra.org\/de\/#organization","name":"Subkontra | Bass Festival","alternateName":"A Music Festival near Dresden","url":"http:\/\/subkontra.org\/de\/","logo":{"@type":"ImageObject","inLanguage":"de-DE","@id":"http:\/\/subkontra.org\/de\/#\/schema\/logo\/image\/","url":"https:\/\/subkontra.org\/wp-content\/uploads\/2023\/10\/cropped-Banner.png","contentUrl":"https:\/\/subkontra.org\/wp-content\/uploads\/2023\/10\/cropped-Banner.png","width":1280,"height":626,"caption":"Subkontra | Bass Festival"},"image":{"@id":"http:\/\/subkontra.org\/de\/#\/schema\/logo\/image\/"}}]}},"ticketed":false,"_links":{"self":[{"href":"https:\/\/subkontra.org\/de\/wp-json\/wp\/v2\/pages\/29"}],"collection":[{"href":"https:\/\/subkontra.org\/de\/wp-json\/wp\/v2\/pages"}],"about":[{"href":"https:\/\/subkontra.org\/de\/wp-json\/wp\/v2\/types\/page"}],"author":[{"embeddable":true,"href":"https:\/\/subkontra.org\/de\/wp-json\/wp\/v2\/users\/1"}],"replies":[{"embeddable":true,"href":"https:\/\/subkontra.org\/de\/wp-json\/wp\/v2\/comments?post=29"}],"version-history":[{"count":34,"href":"https:\/\/subkontra.org\/de\/wp-json\/wp\/v2\/pages\/29\/revisions"}],"predecessor-version":[{"id":790,"href":"https:\/\/subkontra.org\/de\/wp-json\/wp\/v2\/pages\/29\/revisions\/790"}],"wp:attachment":[{"href":"https:\/\/subkontra.org\/de\/wp-json\/wp\/v2\/media?parent=29"}],"curies":[{"name":"wp","href":"https:\/\/api.w.org\/{rel}","templated":true}]}}