{"id":122,"date":"2022-07-08T22:39:30","date_gmt":"2022-07-08T22:39:30","guid":{"rendered":"https:\/\/subkontra.org\/?page_id=122"},"modified":"2024-02-14T19:19:54","modified_gmt":"2024-02-14T19:19:54","slug":"impressum","status":"publish","type":"page","link":"https:\/\/subkontra.org\/de\/impressum\/","title":{"rendered":"Impressum"},"content":{"rendered":"\n<div style=\"height:26px\" aria-hidden=\"true\" class=\"wp-block-spacer\"><\/div>\n\n\n\n<p><strong>Adresse<\/strong><\/p>\n\n\n\n<div style=\"height:15px\" aria-hidden=\"true\" class=\"wp-block-spacer\"><\/div>\n\n\n\n<p>Subkontra e.V.<br>Columbusstr. 2<br>01159 Dresden<br><br>Vertreten durch den Vorstand durch Arthur Gommlich, Axel Kunze, Lilly R\u00f6mer, Pauline Wei\u00df<br>Vereinsregister Dresden<br>Registernummer: 11973<\/p>\n\n\n\n<div style=\"height:26px\" aria-hidden=\"true\" class=\"wp-block-spacer\"><\/div>\n\n\n\n<p><strong>Email<\/strong><\/p>\n\n\n\n<div style=\"height:15px\" aria-hidden=\"true\" class=\"wp-block-spacer\"><\/div>\n\n\n\n<p>info@subkontra.org<\/p>\n\n\n\n<div style=\"height:17px\" aria-hidden=\"true\" class=\"wp-block-spacer\"><\/div>\n\n\n\n<p>Haftungshinweis: Trotz sorgf\u00e4ltiger inhaltlicher Kontrolle \u00fcbernehmen wir keine Haftung f\u00fcr die Inhalte externer Links. F\u00fcr den Inhalt der verlinkten Seiten sind ausschlie\u00dflich deren Betreiber verantwortlich.<\/p>\n","protected":false},"excerpt":{"rendered":"<p>Adresse Subkontra e.V.Columbusstr. 201159 Dresden Vertreten durch den Vorstand durch Arthur Gommlich, Axel Kunze, Lilly R\u00f6mer, Pauline Wei\u00dfVereinsregister DresdenRegisternummer: 11973 Email info@subkontra.org Haftungshinweis: Trotz sorgf\u00e4ltiger inhaltlicher Kontrolle \u00fcbernehmen wir keine Haftung f\u00fcr die Inhalte externer Links. F\u00fcr den Inhalt der verlinkten Seiten sind ausschlie\u00dflich deren Betreiber verantwortlich.<\/p>\n","protected":false},"author":1,"featured_media":0,"parent":0,"menu_order":0,"comment_status":"closed","ping_status":"closed","template":"","meta":{"pgc_sgb_lightbox_settings":"","_price":"","_stock":"","_tribe_ticket_header":"","_tribe_default_ticket_provider":"","_tribe_ticket_capacity":"0","_ticket_start_date":"","_ticket_end_date":"","_tribe_ticket_show_description":"","_tribe_ticket_show_not_going":false,"_tribe_ticket_use_global_stock":"","_tribe_ticket_global_stock_level":"","_global_stock_mode":"","_global_stock_cap":"","_tribe_rsvp_for_event":"","_tribe_ticket_going_count":"","_tribe_ticket_not_going_count":"","_tribe_tickets_list":"[]","_tribe_ticket_has_attendee_info_fields":false,"footnotes":"","_tec_slr_enabled":"","_tec_slr_layout":""},"yoast_head":"<!-- This site is optimized with the Yoast SEO plugin v22.6 - https:\/\/yoast.com\/wordpress\/plugins\/seo\/ -->\n<title>Impressum - Subkontra<\/title>\n<meta name=\"robots\" content=\"index, follow, max-snippet:-1, max-image-preview:large, max-video-preview:-1\" \/>\n<link rel=\"canonical\" href=\"https:\/\/subkontra.org\/de\/impressum\/\" \/>\n<meta property=\"og:locale\" content=\"de_DE\" \/>\n<meta property=\"og:type\" content=\"article\" \/>\n<meta property=\"og:title\" content=\"Impressum - Subkontra\" \/>\n<meta property=\"og:description\" content=\"Adresse Subkontra e.V.Columbusstr. 201159 Dresden Vertreten durch den Vorstand durch Arthur Gommlich, Axel Kunze, Lilly R\u00f6mer, Pauline Wei\u00dfVereinsregister DresdenRegisternummer: 11973 Email info@subkontra.org Haftungshinweis: Trotz sorgf\u00e4ltiger inhaltlicher Kontrolle \u00fcbernehmen wir keine Haftung f\u00fcr die Inhalte externer Links. F\u00fcr den Inhalt der verlinkten Seiten sind ausschlie\u00dflich deren Betreiber verantwortlich.\" \/>\n<meta property=\"og:url\" content=\"https:\/\/subkontra.org\/de\/impressum\/\" \/>\n<meta property=\"og:site_name\" content=\"Subkontra\" \/>\n<meta property=\"article:modified_time\" content=\"2024-02-14T19:19:54+00:00\" \/>\n<meta name=\"twitter:card\" content=\"summary_large_image\" \/>\n<meta name=\"twitter:label1\" content=\"Gesch\u00e4tzte Lesezeit\" \/>\n\t<meta name=\"twitter:data1\" content=\"1 Minute\" \/>\n<script type=\"application\/ld+json\" class=\"yoast-schema-graph\">{\"@context\":\"https:\/\/schema.org\",\"@graph\":[{\"@type\":\"WebPage\",\"@id\":\"https:\/\/subkontra.org\/de\/impressum\/\",\"url\":\"https:\/\/subkontra.org\/de\/impressum\/\",\"name\":\"Impressum - Subkontra\",\"isPartOf\":{\"@id\":\"http:\/\/subkontra.org\/de\/#website\"},\"datePublished\":\"2022-07-08T22:39:30+00:00\",\"dateModified\":\"2024-02-14T19:19:54+00:00\",\"breadcrumb\":{\"@id\":\"https:\/\/subkontra.org\/de\/impressum\/#breadcrumb\"},\"inLanguage\":\"de-DE\",\"potentialAction\":[{\"@type\":\"ReadAction\",\"target\":[\"https:\/\/subkontra.org\/de\/impressum\/\"]}]},{\"@type\":\"BreadcrumbList\",\"@id\":\"https:\/\/subkontra.org\/de\/impressum\/#breadcrumb\",\"itemListElement\":[{\"@type\":\"ListItem\",\"position\":1,\"name\":\"Startseite\",\"item\":\"http:\/\/subkontra.org\/de\/\"},{\"@type\":\"ListItem\",\"position\":2,\"name\":\"Impressum\"}]},{\"@type\":\"WebSite\",\"@id\":\"http:\/\/subkontra.org\/de\/#website\",\"url\":\"http:\/\/subkontra.org\/de\/\",\"name\":\"Subkontra | Bass Festival\",\"description\":\"Bass Music Festival, celebrating Soundsystem Culture and deep frequencies\",\"publisher\":{\"@id\":\"http:\/\/subkontra.org\/de\/#organization\"},\"potentialAction\":[{\"@type\":\"SearchAction\",\"target\":{\"@type\":\"EntryPoint\",\"urlTemplate\":\"http:\/\/subkontra.org\/de\/?s={search_term_string}\"},\"query-input\":\"required name=search_term_string\"}],\"inLanguage\":\"de-DE\"},{\"@type\":\"Organization\",\"@id\":\"http:\/\/subkontra.org\/de\/#organization\",\"name\":\"Subkontra | Bass Festival\",\"alternateName\":\"A Music Festival near Dresden\",\"url\":\"http:\/\/subkontra.org\/de\/\",\"logo\":{\"@type\":\"ImageObject\",\"inLanguage\":\"de-DE\",\"@id\":\"http:\/\/subkontra.org\/de\/#\/schema\/logo\/image\/\",\"url\":\"https:\/\/subkontra.org\/wp-content\/uploads\/2023\/10\/cropped-Banner.png\",\"contentUrl\":\"https:\/\/subkontra.org\/wp-content\/uploads\/2023\/10\/cropped-Banner.png\",\"width\":1280,\"height\":626,\"caption\":\"Subkontra | Bass Festival\"},\"image\":{\"@id\":\"http:\/\/subkontra.org\/de\/#\/schema\/logo\/image\/\"}}]}<\/script>\n<!-- \/ Yoast SEO plugin. -->","yoast_head_json":{"title":"Impressum - Subkontra","robots":{"index":"index","follow":"follow","max-snippet":"max-snippet:-1","max-image-preview":"max-image-preview:large","max-video-preview":"max-video-preview:-1"},"canonical":"https:\/\/subkontra.org\/de\/impressum\/","og_locale":"de_DE","og_type":"article","og_title":"Impressum - Subkontra","og_description":"Adresse Subkontra e.V.Columbusstr. 201159 Dresden Vertreten durch den Vorstand durch Arthur Gommlich, Axel Kunze, Lilly R\u00f6mer, Pauline Wei\u00dfVereinsregister DresdenRegisternummer: 11973 Email info@subkontra.org Haftungshinweis: Trotz sorgf\u00e4ltiger inhaltlicher Kontrolle \u00fcbernehmen wir keine Haftung f\u00fcr die Inhalte externer Links. F\u00fcr den Inhalt der verlinkten Seiten sind ausschlie\u00dflich deren Betreiber verantwortlich.","og_url":"https:\/\/subkontra.org\/de\/impressum\/","og_site_name":"Subkontra","article_modified_time":"2024-02-14T19:19:54+00:00","twitter_card":"summary_large_image","twitter_misc":{"Gesch\u00e4tzte Lesezeit":"1 Minute"},"schema":{"@context":"https:\/\/schema.org","@graph":[{"@type":"WebPage","@id":"https:\/\/subkontra.org\/de\/impressum\/","url":"https:\/\/subkontra.org\/de\/impressum\/","name":"Impressum - Subkontra","isPartOf":{"@id":"http:\/\/subkontra.org\/de\/#website"},"datePublished":"2022-07-08T22:39:30+00:00","dateModified":"2024-02-14T19:19:54+00:00","breadcrumb":{"@id":"https:\/\/subkontra.org\/de\/impressum\/#breadcrumb"},"inLanguage":"de-DE","potentialAction":[{"@type":"ReadAction","target":["https:\/\/subkontra.org\/de\/impressum\/"]}]},{"@type":"BreadcrumbList","@id":"https:\/\/subkontra.org\/de\/impressum\/#breadcrumb","itemListElement":[{"@type":"ListItem","position":1,"name":"Startseite","item":"http:\/\/subkontra.org\/de\/"},{"@type":"ListItem","position":2,"name":"Impressum"}]},{"@type":"WebSite","@id":"http:\/\/subkontra.org\/de\/#website","url":"http:\/\/subkontra.org\/de\/","name":"Subkontra | Bass Festival","description":"Bass Music Festival, celebrating Soundsystem Culture and deep frequencies","publisher":{"@id":"http:\/\/subkontra.org\/de\/#organization"},"potentialAction":[{"@type":"SearchAction","target":{"@type":"EntryPoint","urlTemplate":"http:\/\/subkontra.org\/de\/?s={search_term_string}"},"query-input":"required name=search_term_string"}],"inLanguage":"de-DE"},{"@type":"Organization","@id":"http:\/\/subkontra.org\/de\/#organization","name":"Subkontra | Bass Festival","alternateName":"A Music Festival near Dresden","url":"http:\/\/subkontra.org\/de\/","logo":{"@type":"ImageObject","inLanguage":"de-DE","@id":"http:\/\/subkontra.org\/de\/#\/schema\/logo\/image\/","url":"https:\/\/subkontra.org\/wp-content\/uploads\/2023\/10\/cropped-Banner.png","contentUrl":"https:\/\/subkontra.org\/wp-content\/uploads\/2023\/10\/cropped-Banner.png","width":1280,"height":626,"caption":"Subkontra | Bass Festival"},"image":{"@id":"http:\/\/subkontra.org\/de\/#\/schema\/logo\/image\/"}}]}},"ticketed":false,"_links":{"self":[{"href":"https:\/\/subkontra.org\/de\/wp-json\/wp\/v2\/pages\/122"}],"collection":[{"href":"https:\/\/subkontra.org\/de\/wp-json\/wp\/v2\/pages"}],"about":[{"href":"https:\/\/subkontra.org\/de\/wp-json\/wp\/v2\/types\/page"}],"author":[{"embeddable":true,"href":"https:\/\/subkontra.org\/de\/wp-json\/wp\/v2\/users\/1"}],"replies":[{"embeddable":true,"href":"https:\/\/subkontra.org\/de\/wp-json\/wp\/v2\/comments?post=122"}],"version-history":[{"count":8,"href":"https:\/\/subkontra.org\/de\/wp-json\/wp\/v2\/pages\/122\/revisions"}],"predecessor-version":[{"id":1033,"href":"https:\/\/subkontra.org\/de\/wp-json\/wp\/v2\/pages\/122\/revisions\/1033"}],"wp:attachment":[{"href":"https:\/\/subkontra.org\/de\/wp-json\/wp\/v2\/media?parent=122"}],"curies":[{"name":"wp","href":"https:\/\/api.w.org\/{rel}","templated":true}]}}