{"id":121,"date":"2022-07-08T22:39:29","date_gmt":"2022-07-08T22:39:29","guid":{"rendered":"https:\/\/subkontra.org\/?page_id=121"},"modified":"2023-06-21T16:42:05","modified_gmt":"2023-06-21T16:42:05","slug":"about-us","status":"publish","type":"page","link":"https:\/\/subkontra.org\/de\/about-us\/","title":{"rendered":"About us"},"content":{"rendered":"\n<div class=\"wp-block-group is-layout-constrained wp-block-group-is-layout-constrained\"><div class=\"wp-block-group__inner-container\">\n<p style=\"font-size:21px\">Subkontra ist ein Kollektiv von Musikbegeisterten, deren gemeinsamer Fokus im Bereich der Bass Music und Soundsystem-Kultur liegt.<br>Diese wollen wir auf unseren Veranstaltungen, neben der etablierten Szene, auch einem breiteren Publikum zug\u00e4nglich machen.<br>Zus\u00e4tzlich zu musikalisch-k\u00fcnstlerischen Schwerpunkten, gehen wir in Form von Workshop-Angeboten, Vortr\u00e4gen und Panels auf \u00f6kologische und gesellschaftliche Themen ein.<br>Wir legen Wert auf einen niedrigschwelligen Zugang f\u00fcr unsere G\u00e4ste, bezogen sowohl auf Einlasspreise als auch aktives Mitwirken bei unseren Events.<br>Durch Kooperationen mit Artists, Labels, Crews und Soundsystemen, streben wir internationalen Austausch und Vernetzung an.<br>Unser Ziel ist es, DIY-basierte Subkultur in ihrem wahrsten Sinn zu pushen.<\/p>\n<\/div><\/div>\n","protected":false},"excerpt":{"rendered":"<p>Subkontra ist ein Kollektiv von Musikbegeisterten, deren gemeinsamer Fokus im Bereich der Bass Music und Soundsystem-Kultur liegt.Diese wollen wir auf unseren Veranstaltungen, neben der etablierten Szene, auch einem breiteren Publikum zug\u00e4nglich machen.Zus\u00e4tzlich zu musikalisch-k\u00fcnstlerischen Schwerpunkten, gehen wir in Form von Workshop-Angeboten, Vortr\u00e4gen und Panels auf \u00f6kologische und gesellschaftliche Themen ein.Wir &hellip;<\/p>\n","protected":false},"author":1,"featured_media":0,"parent":0,"menu_order":0,"comment_status":"closed","ping_status":"closed","template":"","meta":{"pgc_sgb_lightbox_settings":"","_price":"","_stock":"","_tribe_ticket_header":"","_tribe_default_ticket_provider":"","_tribe_ticket_capacity":"0","_ticket_start_date":"","_ticket_end_date":"","_tribe_ticket_show_description":"","_tribe_ticket_show_not_going":false,"_tribe_ticket_use_global_stock":"","_tribe_ticket_global_stock_level":"","_global_stock_mode":"","_global_stock_cap":"","_tribe_rsvp_for_event":"","_tribe_ticket_going_count":"","_tribe_ticket_not_going_count":"","_tribe_tickets_list":"[]","_tribe_ticket_has_attendee_info_fields":false,"footnotes":"","_tec_slr_enabled":"","_tec_slr_layout":""},"yoast_head":"<!-- This site is optimized with the Yoast SEO plugin v22.6 - https:\/\/yoast.com\/wordpress\/plugins\/seo\/ -->\n<title>About us - Subkontra<\/title>\n<meta name=\"robots\" content=\"index, follow, max-snippet:-1, max-image-preview:large, max-video-preview:-1\" \/>\n<link rel=\"canonical\" href=\"https:\/\/subkontra.org\/de\/about-us\/\" \/>\n<meta property=\"og:locale\" content=\"de_DE\" \/>\n<meta property=\"og:type\" content=\"article\" \/>\n<meta property=\"og:title\" content=\"About us - Subkontra\" \/>\n<meta property=\"og:description\" content=\"Subkontra ist ein Kollektiv von Musikbegeisterten, deren gemeinsamer Fokus im Bereich der Bass Music und Soundsystem-Kultur liegt.Diese wollen wir auf unseren Veranstaltungen, neben der etablierten Szene, auch einem breiteren Publikum zug\u00e4nglich machen.Zus\u00e4tzlich zu musikalisch-k\u00fcnstlerischen Schwerpunkten, gehen wir in Form von Workshop-Angeboten, Vortr\u00e4gen und Panels auf \u00f6kologische und gesellschaftliche Themen ein.Wir &hellip;\" \/>\n<meta property=\"og:url\" content=\"https:\/\/subkontra.org\/de\/about-us\/\" \/>\n<meta property=\"og:site_name\" content=\"Subkontra\" \/>\n<meta property=\"article:modified_time\" content=\"2023-06-21T16:42:05+00:00\" \/>\n<meta name=\"twitter:card\" content=\"summary_large_image\" \/>\n<meta name=\"twitter:label1\" content=\"Gesch\u00e4tzte Lesezeit\" \/>\n\t<meta name=\"twitter:data1\" content=\"1 Minute\" \/>\n<script type=\"application\/ld+json\" class=\"yoast-schema-graph\">{\"@context\":\"https:\/\/schema.org\",\"@graph\":[{\"@type\":\"WebPage\",\"@id\":\"https:\/\/subkontra.org\/en\/about-us\/\",\"url\":\"https:\/\/subkontra.org\/en\/about-us\/\",\"name\":\"About us - Subkontra\",\"isPartOf\":{\"@id\":\"http:\/\/subkontra.org\/de\/#website\"},\"datePublished\":\"2022-07-08T22:39:29+00:00\",\"dateModified\":\"2023-06-21T16:42:05+00:00\",\"breadcrumb\":{\"@id\":\"https:\/\/subkontra.org\/en\/about-us\/#breadcrumb\"},\"inLanguage\":\"de-DE\",\"potentialAction\":[{\"@type\":\"ReadAction\",\"target\":[\"https:\/\/subkontra.org\/en\/about-us\/\"]}]},{\"@type\":\"BreadcrumbList\",\"@id\":\"https:\/\/subkontra.org\/en\/about-us\/#breadcrumb\",\"itemListElement\":[{\"@type\":\"ListItem\",\"position\":1,\"name\":\"Startseite\",\"item\":\"http:\/\/subkontra.org\/de\/\"},{\"@type\":\"ListItem\",\"position\":2,\"name\":\"About us\"}]},{\"@type\":\"WebSite\",\"@id\":\"http:\/\/subkontra.org\/de\/#website\",\"url\":\"http:\/\/subkontra.org\/de\/\",\"name\":\"Subkontra | Bass Festival\",\"description\":\"Bass Music Festival, celebrating Soundsystem Culture and deep frequencies\",\"publisher\":{\"@id\":\"http:\/\/subkontra.org\/de\/#organization\"},\"potentialAction\":[{\"@type\":\"SearchAction\",\"target\":{\"@type\":\"EntryPoint\",\"urlTemplate\":\"http:\/\/subkontra.org\/de\/?s={search_term_string}\"},\"query-input\":\"required name=search_term_string\"}],\"inLanguage\":\"de-DE\"},{\"@type\":\"Organization\",\"@id\":\"http:\/\/subkontra.org\/de\/#organization\",\"name\":\"Subkontra | Bass Festival\",\"alternateName\":\"A Music Festival near Dresden\",\"url\":\"http:\/\/subkontra.org\/de\/\",\"logo\":{\"@type\":\"ImageObject\",\"inLanguage\":\"de-DE\",\"@id\":\"http:\/\/subkontra.org\/de\/#\/schema\/logo\/image\/\",\"url\":\"https:\/\/subkontra.org\/wp-content\/uploads\/2023\/10\/cropped-Banner.png\",\"contentUrl\":\"https:\/\/subkontra.org\/wp-content\/uploads\/2023\/10\/cropped-Banner.png\",\"width\":1280,\"height\":626,\"caption\":\"Subkontra | Bass Festival\"},\"image\":{\"@id\":\"http:\/\/subkontra.org\/de\/#\/schema\/logo\/image\/\"}}]}<\/script>\n<!-- \/ Yoast SEO plugin. -->","yoast_head_json":{"title":"About us - Subkontra","robots":{"index":"index","follow":"follow","max-snippet":"max-snippet:-1","max-image-preview":"max-image-preview:large","max-video-preview":"max-video-preview:-1"},"canonical":"https:\/\/subkontra.org\/de\/about-us\/","og_locale":"de_DE","og_type":"article","og_title":"About us - Subkontra","og_description":"Subkontra ist ein Kollektiv von Musikbegeisterten, deren gemeinsamer Fokus im Bereich der Bass Music und Soundsystem-Kultur liegt.Diese wollen wir auf unseren Veranstaltungen, neben der etablierten Szene, auch einem breiteren Publikum zug\u00e4nglich machen.Zus\u00e4tzlich zu musikalisch-k\u00fcnstlerischen Schwerpunkten, gehen wir in Form von Workshop-Angeboten, Vortr\u00e4gen und Panels auf \u00f6kologische und gesellschaftliche Themen ein.Wir &hellip;","og_url":"https:\/\/subkontra.org\/de\/about-us\/","og_site_name":"Subkontra","article_modified_time":"2023-06-21T16:42:05+00:00","twitter_card":"summary_large_image","twitter_misc":{"Gesch\u00e4tzte Lesezeit":"1 Minute"},"schema":{"@context":"https:\/\/schema.org","@graph":[{"@type":"WebPage","@id":"https:\/\/subkontra.org\/en\/about-us\/","url":"https:\/\/subkontra.org\/en\/about-us\/","name":"About us - Subkontra","isPartOf":{"@id":"http:\/\/subkontra.org\/de\/#website"},"datePublished":"2022-07-08T22:39:29+00:00","dateModified":"2023-06-21T16:42:05+00:00","breadcrumb":{"@id":"https:\/\/subkontra.org\/en\/about-us\/#breadcrumb"},"inLanguage":"de-DE","potentialAction":[{"@type":"ReadAction","target":["https:\/\/subkontra.org\/en\/about-us\/"]}]},{"@type":"BreadcrumbList","@id":"https:\/\/subkontra.org\/en\/about-us\/#breadcrumb","itemListElement":[{"@type":"ListItem","position":1,"name":"Startseite","item":"http:\/\/subkontra.org\/de\/"},{"@type":"ListItem","position":2,"name":"About us"}]},{"@type":"WebSite","@id":"http:\/\/subkontra.org\/de\/#website","url":"http:\/\/subkontra.org\/de\/","name":"Subkontra | Bass Festival","description":"Bass Music Festival, celebrating Soundsystem Culture and deep frequencies","publisher":{"@id":"http:\/\/subkontra.org\/de\/#organization"},"potentialAction":[{"@type":"SearchAction","target":{"@type":"EntryPoint","urlTemplate":"http:\/\/subkontra.org\/de\/?s={search_term_string}"},"query-input":"required name=search_term_string"}],"inLanguage":"de-DE"},{"@type":"Organization","@id":"http:\/\/subkontra.org\/de\/#organization","name":"Subkontra | Bass Festival","alternateName":"A Music Festival near Dresden","url":"http:\/\/subkontra.org\/de\/","logo":{"@type":"ImageObject","inLanguage":"de-DE","@id":"http:\/\/subkontra.org\/de\/#\/schema\/logo\/image\/","url":"https:\/\/subkontra.org\/wp-content\/uploads\/2023\/10\/cropped-Banner.png","contentUrl":"https:\/\/subkontra.org\/wp-content\/uploads\/2023\/10\/cropped-Banner.png","width":1280,"height":626,"caption":"Subkontra | Bass Festival"},"image":{"@id":"http:\/\/subkontra.org\/de\/#\/schema\/logo\/image\/"}}]}},"ticketed":false,"_links":{"self":[{"href":"https:\/\/subkontra.org\/de\/wp-json\/wp\/v2\/pages\/121"}],"collection":[{"href":"https:\/\/subkontra.org\/de\/wp-json\/wp\/v2\/pages"}],"about":[{"href":"https:\/\/subkontra.org\/de\/wp-json\/wp\/v2\/types\/page"}],"author":[{"embeddable":true,"href":"https:\/\/subkontra.org\/de\/wp-json\/wp\/v2\/users\/1"}],"replies":[{"embeddable":true,"href":"https:\/\/subkontra.org\/de\/wp-json\/wp\/v2\/comments?post=121"}],"version-history":[{"count":31,"href":"https:\/\/subkontra.org\/de\/wp-json\/wp\/v2\/pages\/121\/revisions"}],"predecessor-version":[{"id":839,"href":"https:\/\/subkontra.org\/de\/wp-json\/wp\/v2\/pages\/121\/revisions\/839"}],"wp:attachment":[{"href":"https:\/\/subkontra.org\/de\/wp-json\/wp\/v2\/media?parent=121"}],"curies":[{"name":"wp","href":"https:\/\/api.w.org\/{rel}","templated":true}]}}