{"id":12,"date":"2022-07-08T19:57:54","date_gmt":"2022-07-08T19:57:54","guid":{"rendered":"http:\/\/subkontra.org\/?page_id=12"},"modified":"2022-07-08T21:24:48","modified_gmt":"2022-07-08T21:24:48","slug":"home","status":"publish","type":"page","link":"https:\/\/subkontra.org\/de\/","title":{"rendered":""},"content":{"rendered":"\n<div class=\"wp-block-query is-layout-flow wp-block-query-is-layout-flow\"><ul class=\"wp-block-post-template is-layout-flow wp-block-post-template-is-layout-flow\"><li class=\"wp-block-post post-1035 post type-post status-publish format-standard hentry category-news\">\n<h2 class=\"wp-block-post-title\"><a href=\"https:\/\/subkontra.org\/de\/news\/kein-subkontra-festival-2024\/\" target=\"_self\" >Kein Subkontra Festival 2024?!<\/a><\/h2>\n\n\n\n<div class=\"entry-content wp-block-post-content is-layout-flow wp-block-post-content-is-layout-flow\">\n<p>Liebe Freund:innen und Unterst\u00fctzer:innen!<\/p>\n\n\n\n<p>Danke f\u00fcr euren Support in den letzten Jahren und die sch\u00f6nen Erinnerungen, die wir gemeinsam machen konnten. Wir waren uns nicht sicher, wie wir euch das hier mitteilen, aber wollen auch zu Beginn der diesj\u00e4hrigen Festivalsaison etwas Klarheit schaffen.&nbsp;<\/p>\n\n\n\n<p>Wir sind derzeit in der Orga-Crew in einer Phase der Umstrukturierung. Diesem Wandel wollen wir uns widmen und uns die notwendige Zeit nehmen, uns neu aufzustellen. Ver\u00e4nderungen brauchen immer Zeit, aber auch Energie, insbesondere, wenn wir den Vibe des Festivals erhalten wollen. Das hei\u00dft gleichzeitig auch, dass die Kapazit\u00e4ten das Subkontra Festival dieses Jahr so zu organisieren, wie wir alle es kennen, nicht vorhanden sind.&nbsp;&nbsp;<\/p>\n\n\n\n<p>Nichts desto trotz, wollen wir nicht sagen, dass wir uns dieses Jahr nicht auf die ein oder andere Weise sehen werden, um gemeinsam Bass-Musik zu genie\u00dfen. Wie genau das dann aussehen wird? Dazu halten wir euch nat\u00fcrlich auf dem Laufenden!&nbsp;<\/p>\n\n\n\n<p>Trotz dieser entt\u00e4uschenden Nachrichten hoffen wir euch am 06.04. im Fallout ab 22 Uhr zu treffen und bedanken uns f\u00fcr eure Geduld f\u00fcr dieses Jahr!&nbsp;<\/p>\n\n\n\n<p>Herzlichst, eure Subkontra-Crew!<\/p>\n<\/div>\n\n\n<hr class=\"wp-block-separator has-css-opacity\"\/>\n\n\n<div class=\"wp-block-post-date\"><time datetime=\"2024-04-02T16:05:25+00:00\">02\/04\/2024<\/time><\/div>\n<\/li><li class=\"wp-block-post post-1024 post type-post status-publish format-standard hentry category-news\">\n<h2 class=\"wp-block-post-title\"><a href=\"https:\/\/subkontra.org\/de\/news\/split-subkontra-festival-2023\/\" target=\"_self\" >Split @ Subkontra Festival 2023<\/a><\/h2>\n\n\n\n<div class=\"entry-content wp-block-post-content is-layout-flow wp-block-post-content-is-layout-flow\">\n<p>F\u00fcr das diesj\u00e4hrige Festival hatten wir das Vergn\u00fcgen, <a href=\"https:\/\/soundcloud.com\/splitdubstep\">Split<\/a>, Produzent, DJ und langj\u00e4hriger Teil der deutschen Dubstep-Szene zu begr\u00fc\u00dfen.<br><br>Heute teilen wir mit euch die Aufnahme des Mixes, den er auf dem Subkontra gespielt hat. Er ist gef\u00fcllt mit vielen alten und neuen Original-Dubs sowie Klassikern von anderen K\u00fcnstlern und versetzt uns zur\u00fcck in die fr\u00fchen Abendstunden auf dem Waldfloor powered by Basstrace und vor dem m\u00e4chtigen Modulith-Soundsystem.<br><br>\u00dcber seine Zeit in Oberp\u00f6bel sagt Split:<br>&#8222;Der Sound war sehr beeindruckend. Dr\u00f6hnende B\u00e4sse, kristallklare H\u00f6hen. Einfach genial! Die Leute waren sehr freundlich und entspannt. Ein sehr gelungenes Bass-Festival. Love it and want to be back again!!&#8220;<br><br>Danke f\u00fcr die netten Worte und den tollen Mix!<\/p>\n\n\n\n<figure class=\"wp-block-embed is-type-rich is-provider-soundcloud wp-block-embed-soundcloud\"><div class=\"wp-block-embed__wrapper\">\n<iframe loading=\"lazy\" title=\"Split @ Subkontra Festival 2023 by Subkontra Festival\" width=\"1082\" height=\"400\" scrolling=\"no\" frameborder=\"no\" src=\"https:\/\/w.soundcloud.com\/player\/?visual=true&#038;url=https%3A%2F%2Fapi.soundcloud.com%2Ftracks%2F1689418320&#038;show_artwork=true&#038;maxheight=1000&#038;maxwidth=1082\"><\/iframe>\n<\/div><\/figure>\n\n\n\n<p><\/p>\n<\/div>\n\n\n<hr class=\"wp-block-separator has-css-opacity\"\/>\n\n\n<div class=\"wp-block-post-date\"><time datetime=\"2023-12-28T18:38:26+00:00\">28\/12\/2023<\/time><\/div>\n<\/li><li class=\"wp-block-post post-1019 post type-post status-publish format-standard hentry category-news\">\n<h2 class=\"wp-block-post-title\"><a href=\"https:\/\/subkontra.org\/de\/news\/save-the-date\/\" target=\"_self\" >Save the date<\/a><\/h2>\n\n\n\n<div class=\"entry-content wp-block-post-content is-layout-flow wp-block-post-content-is-layout-flow\">\n<p>Bevor das Jahr zu Ende geht, freuen wir uns, euch mitteilen zu k\u00f6nnen, dass wir vom 19.7. bis 21.7. wieder in Oberp\u00f6bel feiern werden. Also merkt euch den Termin vor und seid dabei! <br><br>Die Subkontra-Crew w\u00fcnscht euch, dass ihr Zeit mit euren Liebsten findet und euch von der Hektik erholt.<br><br>Macht&#8217;s gut und bis 2024!<\/p>\n\n\n\n<figure class=\"wp-block-image size-large\"><img decoding=\"async\" loading=\"lazy\" width=\"1024\" height=\"1024\" src=\"https:\/\/subkontra.org\/wp-content\/uploads\/2023\/12\/Profilbild_1080-1080px_24-1024x1024.jpg\" alt=\"\" class=\"wp-image-1021\" srcset=\"https:\/\/subkontra.org\/wp-content\/uploads\/2023\/12\/Profilbild_1080-1080px_24-1024x1024.jpg 1024w, https:\/\/subkontra.org\/wp-content\/uploads\/2023\/12\/Profilbild_1080-1080px_24-300x300.jpg 300w, https:\/\/subkontra.org\/wp-content\/uploads\/2023\/12\/Profilbild_1080-1080px_24-150x150.jpg 150w, https:\/\/subkontra.org\/wp-content\/uploads\/2023\/12\/Profilbild_1080-1080px_24-768x768.jpg 768w, https:\/\/subkontra.org\/wp-content\/uploads\/2023\/12\/Profilbild_1080-1080px_24-12x12.jpg 12w, https:\/\/subkontra.org\/wp-content\/uploads\/2023\/12\/Profilbild_1080-1080px_24.jpg 1080w\" sizes=\"(max-width: 1024px) 100vw, 1024px\" \/><\/figure>\n\n\n\n<p><\/p>\n<\/div>\n\n\n<hr class=\"wp-block-separator has-css-opacity\"\/>\n\n\n<div class=\"wp-block-post-date\"><time datetime=\"2023-12-28T18:28:11+00:00\">28\/12\/2023<\/time><\/div>\n<\/li><\/ul><\/div>\n","protected":false},"excerpt":{"rendered":"","protected":false},"author":1,"featured_media":0,"parent":0,"menu_order":0,"comment_status":"closed","ping_status":"closed","template":"","meta":{"pgc_sgb_lightbox_settings":"","_price":"","_stock":"","_tribe_ticket_header":"","_tribe_default_ticket_provider":"","_tribe_ticket_capacity":"0","_ticket_start_date":"","_ticket_end_date":"","_tribe_ticket_show_description":"","_tribe_ticket_show_not_going":false,"_tribe_ticket_use_global_stock":"","_tribe_ticket_global_stock_level":"","_global_stock_mode":"","_global_stock_cap":"","_tribe_rsvp_for_event":"","_tribe_ticket_going_count":"","_tribe_ticket_not_going_count":"","_tribe_tickets_list":"[]","_tribe_ticket_has_attendee_info_fields":false,"footnotes":"","_tec_slr_enabled":"","_tec_slr_layout":""},"yoast_head":"<!-- This site is optimized with the Yoast SEO plugin v22.6 - https:\/\/yoast.com\/wordpress\/plugins\/seo\/ -->\n<title>- Subkontra<\/title>\n<meta name=\"robots\" content=\"index, follow, max-snippet:-1, max-image-preview:large, max-video-preview:-1\" \/>\n<link rel=\"canonical\" href=\"http:\/\/subkontra.org\/de\/\" \/>\n<meta property=\"og:locale\" content=\"de_DE\" \/>\n<meta property=\"og:type\" content=\"article\" \/>\n<meta property=\"og:title\" content=\"- Subkontra\" \/>\n<meta property=\"og:url\" content=\"http:\/\/subkontra.org\/de\/\" \/>\n<meta property=\"og:site_name\" content=\"Subkontra\" \/>\n<meta property=\"article:modified_time\" content=\"2022-07-08T21:24:48+00:00\" \/>\n<meta name=\"twitter:card\" content=\"summary_large_image\" \/>\n<script type=\"application\/ld+json\" class=\"yoast-schema-graph\">{\"@context\":\"https:\/\/schema.org\",\"@graph\":[{\"@type\":\"WebPage\",\"@id\":\"http:\/\/subkontra.org\/de\/\",\"url\":\"http:\/\/subkontra.org\/de\/\",\"name\":\"- Subkontra\",\"isPartOf\":{\"@id\":\"http:\/\/subkontra.org\/de\/#website\"},\"datePublished\":\"2022-07-08T19:57:54+00:00\",\"dateModified\":\"2022-07-08T21:24:48+00:00\",\"inLanguage\":\"de-DE\",\"potentialAction\":[{\"@type\":\"ReadAction\",\"target\":[\"http:\/\/subkontra.org\/de\/\"]}]},{\"@type\":\"WebSite\",\"@id\":\"http:\/\/subkontra.org\/de\/#website\",\"url\":\"http:\/\/subkontra.org\/de\/\",\"name\":\"Subkontra | Bass Festival\",\"description\":\"Bass Music Festival, celebrating Soundsystem Culture and deep frequencies\",\"publisher\":{\"@id\":\"http:\/\/subkontra.org\/de\/#organization\"},\"potentialAction\":[{\"@type\":\"SearchAction\",\"target\":{\"@type\":\"EntryPoint\",\"urlTemplate\":\"http:\/\/subkontra.org\/de\/?s={search_term_string}\"},\"query-input\":\"required name=search_term_string\"}],\"inLanguage\":\"de-DE\"},{\"@type\":\"Organization\",\"@id\":\"http:\/\/subkontra.org\/de\/#organization\",\"name\":\"Subkontra | Bass Festival\",\"alternateName\":\"A Music Festival near Dresden\",\"url\":\"http:\/\/subkontra.org\/de\/\",\"logo\":{\"@type\":\"ImageObject\",\"inLanguage\":\"de-DE\",\"@id\":\"http:\/\/subkontra.org\/de\/#\/schema\/logo\/image\/\",\"url\":\"https:\/\/subkontra.org\/wp-content\/uploads\/2023\/10\/cropped-Banner.png\",\"contentUrl\":\"https:\/\/subkontra.org\/wp-content\/uploads\/2023\/10\/cropped-Banner.png\",\"width\":1280,\"height\":626,\"caption\":\"Subkontra | Bass Festival\"},\"image\":{\"@id\":\"http:\/\/subkontra.org\/de\/#\/schema\/logo\/image\/\"}}]}<\/script>\n<!-- \/ Yoast SEO plugin. -->","yoast_head_json":{"title":"- Subkontra","robots":{"index":"index","follow":"follow","max-snippet":"max-snippet:-1","max-image-preview":"max-image-preview:large","max-video-preview":"max-video-preview:-1"},"canonical":"http:\/\/subkontra.org\/de\/","og_locale":"de_DE","og_type":"article","og_title":"- Subkontra","og_url":"http:\/\/subkontra.org\/de\/","og_site_name":"Subkontra","article_modified_time":"2022-07-08T21:24:48+00:00","twitter_card":"summary_large_image","schema":{"@context":"https:\/\/schema.org","@graph":[{"@type":"WebPage","@id":"http:\/\/subkontra.org\/de\/","url":"http:\/\/subkontra.org\/de\/","name":"- Subkontra","isPartOf":{"@id":"http:\/\/subkontra.org\/de\/#website"},"datePublished":"2022-07-08T19:57:54+00:00","dateModified":"2022-07-08T21:24:48+00:00","inLanguage":"de-DE","potentialAction":[{"@type":"ReadAction","target":["http:\/\/subkontra.org\/de\/"]}]},{"@type":"WebSite","@id":"http:\/\/subkontra.org\/de\/#website","url":"http:\/\/subkontra.org\/de\/","name":"Subkontra | Bass Festival","description":"Bass Music Festival, celebrating Soundsystem Culture and deep frequencies","publisher":{"@id":"http:\/\/subkontra.org\/de\/#organization"},"potentialAction":[{"@type":"SearchAction","target":{"@type":"EntryPoint","urlTemplate":"http:\/\/subkontra.org\/de\/?s={search_term_string}"},"query-input":"required name=search_term_string"}],"inLanguage":"de-DE"},{"@type":"Organization","@id":"http:\/\/subkontra.org\/de\/#organization","name":"Subkontra | Bass Festival","alternateName":"A Music Festival near Dresden","url":"http:\/\/subkontra.org\/de\/","logo":{"@type":"ImageObject","inLanguage":"de-DE","@id":"http:\/\/subkontra.org\/de\/#\/schema\/logo\/image\/","url":"https:\/\/subkontra.org\/wp-content\/uploads\/2023\/10\/cropped-Banner.png","contentUrl":"https:\/\/subkontra.org\/wp-content\/uploads\/2023\/10\/cropped-Banner.png","width":1280,"height":626,"caption":"Subkontra | Bass Festival"},"image":{"@id":"http:\/\/subkontra.org\/de\/#\/schema\/logo\/image\/"}}]}},"ticketed":false,"_links":{"self":[{"href":"https:\/\/subkontra.org\/de\/wp-json\/wp\/v2\/pages\/12"}],"collection":[{"href":"https:\/\/subkontra.org\/de\/wp-json\/wp\/v2\/pages"}],"about":[{"href":"https:\/\/subkontra.org\/de\/wp-json\/wp\/v2\/types\/page"}],"author":[{"embeddable":true,"href":"https:\/\/subkontra.org\/de\/wp-json\/wp\/v2\/users\/1"}],"replies":[{"embeddable":true,"href":"https:\/\/subkontra.org\/de\/wp-json\/wp\/v2\/comments?post=12"}],"version-history":[{"count":7,"href":"https:\/\/subkontra.org\/de\/wp-json\/wp\/v2\/pages\/12\/revisions"}],"predecessor-version":[{"id":168,"href":"https:\/\/subkontra.org\/de\/wp-json\/wp\/v2\/pages\/12\/revisions\/168"}],"wp:attachment":[{"href":"https:\/\/subkontra.org\/de\/wp-json\/wp\/v2\/media?parent=12"}],"curies":[{"name":"wp","href":"https:\/\/api.w.org\/{rel}","templated":true}]}}